{"id":13630,"date":"2024-12-19T09:35:48","date_gmt":"2024-12-19T09:35:48","guid":{"rendered":"https:\/\/efamakina.com.tr\/urun\/3454547-compressor-gp-refrigerant-12v\/"},"modified":"2024-12-19T09:36:14","modified_gmt":"2024-12-19T09:36:14","slug":"3454547-compressor-gp-refrigerant-12v","status":"publish","type":"product","link":"https:\/\/efamakina.com.tr\/az\/urun\/3454547-compressor-gp-refrigerant-12v\/","title":{"rendered":"3454547 Compressor GP-Refrigerant 12V"},"content":{"rendered":"<p>Caterpillar, Cat, 3454547, Compressor GP-Refrigerant, 236D, 242D, 246D, 257D, 259D, 262D, 272D, 272D XHP, 277D, 279D, 287D, 289D, 299D, 299D XHP, Caterpillar, Cat, Yedek Par\u00e7alar\u0131, Yedek, Par\u00e7a, Klima Kompres\u00f6r\u00fc, Klima, Kompres\u00f6r, Ehtiyat Hiss\u0259l\u0259ri, Ehtiyat, Hiss\u0259, Kondisioner Kompressoru, Kondisioner, Kompressor, Kompresor <\/p>\n","protected":false},"excerpt":{"rendered":"<p>Caterpillar, Cat, 3454547, Compressor GP-Refrigerant,<\/p>\n","protected":false},"featured_media":13057,"comment_status":"open","ping_status":"closed","template":"","meta":{"_acf_changed":false},"product_brand":[],"product_cat":[458,531],"product_tag":[],"urun-tipi":[393],"class_list":{"0":"post-13630","1":"product","2":"type-product","3":"status-publish","4":"has-post-thumbnail","6":"product_cat-air-conditioners","7":"product_cat-compressor-refrigerant","8":"urun-tipi-caterpillar-cat","10":"first","11":"instock","12":"taxable","13":"shipping-taxable","14":"purchasable","15":"product-type-simple"},"acf":[],"_links":{"self":[{"href":"https:\/\/efamakina.com.tr\/az\/wp-json\/wp\/v2\/product\/13630","targetHints":{"allow":["GET"]}}],"collection":[{"href":"https:\/\/efamakina.com.tr\/az\/wp-json\/wp\/v2\/product"}],"about":[{"href":"https:\/\/efamakina.com.tr\/az\/wp-json\/wp\/v2\/types\/product"}],"replies":[{"embeddable":true,"href":"https:\/\/efamakina.com.tr\/az\/wp-json\/wp\/v2\/comments?post=13630"}],"wp:featuredmedia":[{"embeddable":true,"href":"https:\/\/efamakina.com.tr\/az\/wp-json\/wp\/v2\/media\/13057"}],"wp:attachment":[{"href":"https:\/\/efamakina.com.tr\/az\/wp-json\/wp\/v2\/media?parent=13630"}],"wp:term":[{"taxonomy":"product_brand","embeddable":true,"href":"https:\/\/efamakina.com.tr\/az\/wp-json\/wp\/v2\/product_brand?post=13630"},{"taxonomy":"product_cat","embeddable":true,"href":"https:\/\/efamakina.com.tr\/az\/wp-json\/wp\/v2\/product_cat?post=13630"},{"taxonomy":"product_tag","embeddable":true,"href":"https:\/\/efamakina.com.tr\/az\/wp-json\/wp\/v2\/product_tag?post=13630"},{"taxonomy":"urun-tipi","embeddable":true,"href":"https:\/\/efamakina.com.tr\/az\/wp-json\/wp\/v2\/urun-tipi?post=13630"}],"curies":[{"name":"wp","href":"https:\/\/api.w.org\/{rel}","templated":true}]}}