{"id":13627,"date":"2024-12-19T09:33:51","date_gmt":"2024-12-19T09:33:51","guid":{"rendered":"https:\/\/efamakina.com.tr\/urun\/3249711-compressor-gp-refrigerant-24v\/"},"modified":"2024-12-19T09:34:16","modified_gmt":"2024-12-19T09:34:16","slug":"3249711-compressor-gp-refrigerant-24v","status":"publish","type":"product","link":"https:\/\/efamakina.com.tr\/az\/urun\/3249711-compressor-gp-refrigerant-24v\/","title":{"rendered":"3249711 Compressor GP-Refrigerant 24V"},"content":{"rendered":"<p>Caterpillar, Cat, 3249711, Compressor GP-Refrigerant, 725C, 966K, 966M, 966M XE, 972K, 972M, 972M XE, C13, C15, C18, C32, C9.3, CX31-C13I, CX31-C18I, CX35-C18I, D10T2, D11T, D6T LGP, D6T LGPPAT, D6T XL, D8T, D9T, Caterpillar, Cat, Yedek Par\u00e7alar\u0131, Yedek, Par\u00e7a, Klima Kompres\u00f6r\u00fc, Klima, Kompres\u00f6r, Ehtiyat Hiss\u0259l\u0259ri, Ehtiyat, Hiss\u0259, Kondisioner Kompressoru, Kondisioner, Kompressor, Kompresor <\/p>\n","protected":false},"excerpt":{"rendered":"<p>Caterpillar, Cat, 3249711, Compressor GP-Refrigerant,<\/p>\n","protected":false},"featured_media":13478,"comment_status":"open","ping_status":"closed","template":"","meta":{"_acf_changed":false},"product_brand":[],"product_cat":[531,458],"product_tag":[],"urun-tipi":[393],"class_list":{"0":"post-13627","1":"product","2":"type-product","3":"status-publish","4":"has-post-thumbnail","6":"product_cat-compressor-refrigerant","7":"product_cat-air-conditioners","8":"urun-tipi-caterpillar-cat","10":"first","11":"instock","12":"taxable","13":"shipping-taxable","14":"purchasable","15":"product-type-simple"},"acf":[],"_links":{"self":[{"href":"https:\/\/efamakina.com.tr\/az\/wp-json\/wp\/v2\/product\/13627","targetHints":{"allow":["GET"]}}],"collection":[{"href":"https:\/\/efamakina.com.tr\/az\/wp-json\/wp\/v2\/product"}],"about":[{"href":"https:\/\/efamakina.com.tr\/az\/wp-json\/wp\/v2\/types\/product"}],"replies":[{"embeddable":true,"href":"https:\/\/efamakina.com.tr\/az\/wp-json\/wp\/v2\/comments?post=13627"}],"wp:featuredmedia":[{"embeddable":true,"href":"https:\/\/efamakina.com.tr\/az\/wp-json\/wp\/v2\/media\/13478"}],"wp:attachment":[{"href":"https:\/\/efamakina.com.tr\/az\/wp-json\/wp\/v2\/media?parent=13627"}],"wp:term":[{"taxonomy":"product_brand","embeddable":true,"href":"https:\/\/efamakina.com.tr\/az\/wp-json\/wp\/v2\/product_brand?post=13627"},{"taxonomy":"product_cat","embeddable":true,"href":"https:\/\/efamakina.com.tr\/az\/wp-json\/wp\/v2\/product_cat?post=13627"},{"taxonomy":"product_tag","embeddable":true,"href":"https:\/\/efamakina.com.tr\/az\/wp-json\/wp\/v2\/product_tag?post=13627"},{"taxonomy":"urun-tipi","embeddable":true,"href":"https:\/\/efamakina.com.tr\/az\/wp-json\/wp\/v2\/urun-tipi?post=13627"}],"curies":[{"name":"wp","href":"https:\/\/api.w.org\/{rel}","templated":true}]}}