{"id":13550,"date":"2024-12-18T07:53:06","date_gmt":"2024-12-18T07:53:06","guid":{"rendered":"https:\/\/efamakina.com.tr\/urun\/3857511-motor-as-blower\/"},"modified":"2024-12-18T07:53:35","modified_gmt":"2024-12-18T07:53:35","slug":"3857511-motor-as-blower","status":"publish","type":"product","link":"https:\/\/efamakina.com.tr\/az\/urun\/3857511-motor-as-blower\/","title":{"rendered":"3857511 Motor AS-Blower"},"content":{"rendered":"<p>Caterpillar, Cat, 3857511, Motor AS-Blower , 24M, 621H, 621K, 623H, 623K, 623K LRC, 627H, 627K, 627K LRC, 770G, 770G CTP, 772G, 772G CTP, 773F, 773G, 773G LRC, 773G CTP, 775F, 775G, 775G LRC, 775G CTP, 777F, 777G, 793F, 793F AC, 793F CMD ,Yedek Par\u00e7alar\u0131, Yedek, Par\u00e7a, Klima Kompres\u00f6r\u00fc, Klima, Kompres\u00f6r, Fan, Motor, Fan Motorlar\u0131, Kalorifer Motorlar\u0131, Kalorifer, Motor, Ehtiyat Hiss\u0259l\u0259ri, Ehtiyat, Hiss\u0259, Kondisioner Kompressoru, Kondisioner, Kompressor, Kompresor, ventilyator, havad\u0259yi\u015f\u0259n,<\/p>\n","protected":false},"excerpt":{"rendered":"<p>Caterpillar, Cat, 3857511, Motor AS-Blower <\/p>\n","protected":false},"featured_media":13057,"comment_status":"open","ping_status":"closed","template":"","meta":{"_acf_changed":false},"product_brand":[],"product_cat":[458,533],"product_tag":[],"urun-tipi":[393],"class_list":{"0":"post-13550","1":"product","2":"type-product","3":"status-publish","4":"has-post-thumbnail","6":"product_cat-air-conditioners","7":"product_cat-a-c-blower-motor-assemblies","8":"urun-tipi-caterpillar-cat","10":"first","11":"instock","12":"taxable","13":"shipping-taxable","14":"purchasable","15":"product-type-simple"},"acf":[],"_links":{"self":[{"href":"https:\/\/efamakina.com.tr\/az\/wp-json\/wp\/v2\/product\/13550","targetHints":{"allow":["GET"]}}],"collection":[{"href":"https:\/\/efamakina.com.tr\/az\/wp-json\/wp\/v2\/product"}],"about":[{"href":"https:\/\/efamakina.com.tr\/az\/wp-json\/wp\/v2\/types\/product"}],"replies":[{"embeddable":true,"href":"https:\/\/efamakina.com.tr\/az\/wp-json\/wp\/v2\/comments?post=13550"}],"wp:featuredmedia":[{"embeddable":true,"href":"https:\/\/efamakina.com.tr\/az\/wp-json\/wp\/v2\/media\/13057"}],"wp:attachment":[{"href":"https:\/\/efamakina.com.tr\/az\/wp-json\/wp\/v2\/media?parent=13550"}],"wp:term":[{"taxonomy":"product_brand","embeddable":true,"href":"https:\/\/efamakina.com.tr\/az\/wp-json\/wp\/v2\/product_brand?post=13550"},{"taxonomy":"product_cat","embeddable":true,"href":"https:\/\/efamakina.com.tr\/az\/wp-json\/wp\/v2\/product_cat?post=13550"},{"taxonomy":"product_tag","embeddable":true,"href":"https:\/\/efamakina.com.tr\/az\/wp-json\/wp\/v2\/product_tag?post=13550"},{"taxonomy":"urun-tipi","embeddable":true,"href":"https:\/\/efamakina.com.tr\/az\/wp-json\/wp\/v2\/urun-tipi?post=13550"}],"curies":[{"name":"wp","href":"https:\/\/api.w.org\/{rel}","templated":true}]}}