{"id":13543,"date":"2024-12-18T07:48:36","date_gmt":"2024-12-18T07:48:36","guid":{"rendered":"https:\/\/efamakina.com.tr\/urun\/3086335-motor-gp-electric\/"},"modified":"2024-12-18T07:49:04","modified_gmt":"2024-12-18T07:49:04","slug":"3086335-motor-gp-electric","status":"publish","type":"product","link":"https:\/\/efamakina.com.tr\/az\/urun\/3086335-motor-gp-electric\/","title":{"rendered":"3086335 Motor GP-Electric"},"content":{"rendered":"<p>Caterpillar, Cat, 3086335, Motor GP-Electric, 135H, 135H NA, 143H, 14H, 14H NA, 160H ES, 160H NA, 163H NA, 517, 527, 539, 572R, 816F, 816F II, 824H, 826C, 826G, 826G II, 826H, 834G, 834H, 836, 836G, 836H, 950H, 953C, 963C, 966H, 973C, 988G, 988H ,Yedek Par\u00e7alar\u0131, Yedek, Par\u00e7a, Klima Kompres\u00f6r\u00fc, Klima, Kompres\u00f6r, Fan, Motor, Fan Motorlar\u0131, Kalorifer Motorlar\u0131, Kalorifer, Motor, Ehtiyat Hiss\u0259l\u0259ri, Ehtiyat, Hiss\u0259, Kondisioner Kompressoru, Kondisioner, Kompressor, Kompresor, ventilyator, havad\u0259yi\u015f\u0259n,<\/p>\n","protected":false},"excerpt":{"rendered":"<p>Caterpillar, Cat, 3086335, Motor GP-Electric<\/p>\n","protected":false},"featured_media":13057,"comment_status":"open","ping_status":"closed","template":"","meta":{"_acf_changed":false},"product_brand":[],"product_cat":[458,533],"product_tag":[],"urun-tipi":[393],"class_list":{"0":"post-13543","1":"product","2":"type-product","3":"status-publish","4":"has-post-thumbnail","6":"product_cat-air-conditioners","7":"product_cat-a-c-blower-motor-assemblies","8":"urun-tipi-caterpillar-cat","10":"first","11":"instock","12":"taxable","13":"shipping-taxable","14":"purchasable","15":"product-type-simple"},"acf":[],"_links":{"self":[{"href":"https:\/\/efamakina.com.tr\/az\/wp-json\/wp\/v2\/product\/13543","targetHints":{"allow":["GET"]}}],"collection":[{"href":"https:\/\/efamakina.com.tr\/az\/wp-json\/wp\/v2\/product"}],"about":[{"href":"https:\/\/efamakina.com.tr\/az\/wp-json\/wp\/v2\/types\/product"}],"replies":[{"embeddable":true,"href":"https:\/\/efamakina.com.tr\/az\/wp-json\/wp\/v2\/comments?post=13543"}],"wp:featuredmedia":[{"embeddable":true,"href":"https:\/\/efamakina.com.tr\/az\/wp-json\/wp\/v2\/media\/13057"}],"wp:attachment":[{"href":"https:\/\/efamakina.com.tr\/az\/wp-json\/wp\/v2\/media?parent=13543"}],"wp:term":[{"taxonomy":"product_brand","embeddable":true,"href":"https:\/\/efamakina.com.tr\/az\/wp-json\/wp\/v2\/product_brand?post=13543"},{"taxonomy":"product_cat","embeddable":true,"href":"https:\/\/efamakina.com.tr\/az\/wp-json\/wp\/v2\/product_cat?post=13543"},{"taxonomy":"product_tag","embeddable":true,"href":"https:\/\/efamakina.com.tr\/az\/wp-json\/wp\/v2\/product_tag?post=13543"},{"taxonomy":"urun-tipi","embeddable":true,"href":"https:\/\/efamakina.com.tr\/az\/wp-json\/wp\/v2\/urun-tipi?post=13543"}],"curies":[{"name":"wp","href":"https:\/\/api.w.org\/{rel}","templated":true}]}}