{"id":13519,"date":"2024-12-18T06:18:51","date_gmt":"2024-12-18T06:18:51","guid":{"rendered":"https:\/\/efamakina.com.tr\/urun\/4667341-fan-as\/"},"modified":"2024-12-18T06:19:15","modified_gmt":"2024-12-18T06:19:15","slug":"4667341-fan-as","status":"publish","type":"product","link":"https:\/\/efamakina.com.tr\/az\/urun\/4667341-fan-as\/","title":{"rendered":"4667341 Fan AS"},"content":{"rendered":"<p>Caterpillar, Cat, 4667341, Fan AS, 24, 24M, MD6200, 770, 773G, 775G, 777G, ,Yedek Par\u00e7alar\u0131, Yedek, Par\u00e7a, Klima Kompres\u00f6r\u00fc, Klima, Kompres\u00f6r, Fan, Motor, Fan Motorlar\u0131, Kalorifer Motorlar\u0131, Kalorifer, Motor, Ehtiyat Hiss\u0259l\u0259ri, Ehtiyat, Hiss\u0259, Kondisioner Kompressoru, Kondisioner, Kompressor, Kompresor, ventilyator, havad\u0259yi\u015f\u0259n,<\/p>\n","protected":false},"excerpt":{"rendered":"<p>Caterpillar, Cat, 4667341, Fan AS<\/p>\n","protected":false},"featured_media":13057,"comment_status":"open","ping_status":"closed","template":"","meta":{"_acf_changed":false},"product_brand":[],"product_cat":[533,458],"product_tag":[],"urun-tipi":[393],"class_list":{"0":"post-13519","1":"product","2":"type-product","3":"status-publish","4":"has-post-thumbnail","6":"product_cat-a-c-blower-motor-assemblies","7":"product_cat-air-conditioners","8":"urun-tipi-caterpillar-cat","10":"first","11":"instock","12":"taxable","13":"shipping-taxable","14":"purchasable","15":"product-type-simple"},"acf":[],"_links":{"self":[{"href":"https:\/\/efamakina.com.tr\/az\/wp-json\/wp\/v2\/product\/13519","targetHints":{"allow":["GET"]}}],"collection":[{"href":"https:\/\/efamakina.com.tr\/az\/wp-json\/wp\/v2\/product"}],"about":[{"href":"https:\/\/efamakina.com.tr\/az\/wp-json\/wp\/v2\/types\/product"}],"replies":[{"embeddable":true,"href":"https:\/\/efamakina.com.tr\/az\/wp-json\/wp\/v2\/comments?post=13519"}],"wp:featuredmedia":[{"embeddable":true,"href":"https:\/\/efamakina.com.tr\/az\/wp-json\/wp\/v2\/media\/13057"}],"wp:attachment":[{"href":"https:\/\/efamakina.com.tr\/az\/wp-json\/wp\/v2\/media?parent=13519"}],"wp:term":[{"taxonomy":"product_brand","embeddable":true,"href":"https:\/\/efamakina.com.tr\/az\/wp-json\/wp\/v2\/product_brand?post=13519"},{"taxonomy":"product_cat","embeddable":true,"href":"https:\/\/efamakina.com.tr\/az\/wp-json\/wp\/v2\/product_cat?post=13519"},{"taxonomy":"product_tag","embeddable":true,"href":"https:\/\/efamakina.com.tr\/az\/wp-json\/wp\/v2\/product_tag?post=13519"},{"taxonomy":"urun-tipi","embeddable":true,"href":"https:\/\/efamakina.com.tr\/az\/wp-json\/wp\/v2\/urun-tipi?post=13519"}],"curies":[{"name":"wp","href":"https:\/\/api.w.org\/{rel}","templated":true}]}}