{"id":13397,"date":"2024-12-11T13:26:46","date_gmt":"2024-12-11T13:26:46","guid":{"rendered":"https:\/\/efamakina.com.tr\/urun\/1916587-sensor-gp-temperature\/"},"modified":"2024-12-11T13:27:09","modified_gmt":"2024-12-11T13:27:09","slug":"1916587-sensor-gp-temperature","status":"publish","type":"product","link":"https:\/\/efamakina.com.tr\/az\/urun\/1916587-sensor-gp-temperature\/","title":{"rendered":"1916587 Sensor GP-Temperature"},"content":{"rendered":"<p>Caterpillar, Cat, 1916587, 191-6587, Sensor GP-Temperature Caterpillar, Cat, Sensors, Sens\u00f6rler, Datcikler, Sens\u00f6r, datcik, Sensor, Datchik, Temperature, S\u0131cakl\u0131k, Hararet, istilik, M\u00fc\u015f\u00fcr\u00fc, M\u00fc\u015f\u00fcr, Mu\u015firi, Mu\u015fir, Sensoru, datciki,<\/p>\n","protected":false},"excerpt":{"rendered":"<p>Caterpillar, Cat, 1916587, 191-6587, Sensor GP-Temperature<\/p>\n","protected":false},"featured_media":12895,"comment_status":"open","ping_status":"closed","template":"","meta":{"_acf_changed":false},"product_brand":[],"product_cat":[529],"product_tag":[],"urun-tipi":[393],"class_list":{"0":"post-13397","1":"product","2":"type-product","3":"status-publish","4":"has-post-thumbnail","6":"product_cat-sensors-switchs","7":"urun-tipi-caterpillar-cat","9":"first","10":"onbackorder","11":"sold-individually","12":"taxable","13":"shipping-taxable","14":"purchasable","15":"product-type-simple"},"acf":[],"_links":{"self":[{"href":"https:\/\/efamakina.com.tr\/az\/wp-json\/wp\/v2\/product\/13397","targetHints":{"allow":["GET"]}}],"collection":[{"href":"https:\/\/efamakina.com.tr\/az\/wp-json\/wp\/v2\/product"}],"about":[{"href":"https:\/\/efamakina.com.tr\/az\/wp-json\/wp\/v2\/types\/product"}],"replies":[{"embeddable":true,"href":"https:\/\/efamakina.com.tr\/az\/wp-json\/wp\/v2\/comments?post=13397"}],"wp:featuredmedia":[{"embeddable":true,"href":"https:\/\/efamakina.com.tr\/az\/wp-json\/wp\/v2\/media\/12895"}],"wp:attachment":[{"href":"https:\/\/efamakina.com.tr\/az\/wp-json\/wp\/v2\/media?parent=13397"}],"wp:term":[{"taxonomy":"product_brand","embeddable":true,"href":"https:\/\/efamakina.com.tr\/az\/wp-json\/wp\/v2\/product_brand?post=13397"},{"taxonomy":"product_cat","embeddable":true,"href":"https:\/\/efamakina.com.tr\/az\/wp-json\/wp\/v2\/product_cat?post=13397"},{"taxonomy":"product_tag","embeddable":true,"href":"https:\/\/efamakina.com.tr\/az\/wp-json\/wp\/v2\/product_tag?post=13397"},{"taxonomy":"urun-tipi","embeddable":true,"href":"https:\/\/efamakina.com.tr\/az\/wp-json\/wp\/v2\/urun-tipi?post=13397"}],"curies":[{"name":"wp","href":"https:\/\/api.w.org\/{rel}","templated":true}]}}