{"id":13269,"date":"2024-12-11T09:35:10","date_gmt":"2024-12-11T09:35:10","guid":{"rendered":"https:\/\/efamakina.com.tr\/urun\/9x1124-sender-as-pressure\/"},"modified":"2024-12-11T09:35:36","modified_gmt":"2024-12-11T09:35:36","slug":"9x1124-sender-as-pressure","status":"publish","type":"product","link":"https:\/\/efamakina.com.tr\/az\/urun\/9x1124-sender-as-pressure\/","title":{"rendered":"9X1124 Sender AS-Pressure"},"content":{"rendered":"<p>Caterpillar, Cat, 9X1124, 9X-1124, Sender AS-Pressure Caterpillar, Cat, Sensors, Sens\u00f6rler, Datcikler, Sens\u00f6r, datcik, Sensor, Datchik, Position Sensor, M\u00f6vqe, Konum, M\u00fc\u015f\u00fcr\u00fc, M\u00fc\u015f\u00fcr, Mu\u015firi, Mu\u015fir, Sensoru, Datciki,<\/p>\n","protected":false},"excerpt":{"rendered":"<p>Caterpillar, Cat, 9X1124, 9X-1124, Sender AS-Pressure<\/p>\n","protected":false},"featured_media":12849,"comment_status":"open","ping_status":"closed","template":"","meta":{"_acf_changed":false},"product_brand":[],"product_cat":[529],"product_tag":[],"urun-tipi":[393],"class_list":{"0":"post-13269","1":"product","2":"type-product","3":"status-publish","4":"has-post-thumbnail","6":"product_cat-sensors-switchs","7":"urun-tipi-caterpillar-cat","9":"first","10":"onbackorder","11":"sold-individually","12":"taxable","13":"shipping-taxable","14":"purchasable","15":"product-type-simple"},"acf":[],"_links":{"self":[{"href":"https:\/\/efamakina.com.tr\/az\/wp-json\/wp\/v2\/product\/13269","targetHints":{"allow":["GET"]}}],"collection":[{"href":"https:\/\/efamakina.com.tr\/az\/wp-json\/wp\/v2\/product"}],"about":[{"href":"https:\/\/efamakina.com.tr\/az\/wp-json\/wp\/v2\/types\/product"}],"replies":[{"embeddable":true,"href":"https:\/\/efamakina.com.tr\/az\/wp-json\/wp\/v2\/comments?post=13269"}],"wp:featuredmedia":[{"embeddable":true,"href":"https:\/\/efamakina.com.tr\/az\/wp-json\/wp\/v2\/media\/12849"}],"wp:attachment":[{"href":"https:\/\/efamakina.com.tr\/az\/wp-json\/wp\/v2\/media?parent=13269"}],"wp:term":[{"taxonomy":"product_brand","embeddable":true,"href":"https:\/\/efamakina.com.tr\/az\/wp-json\/wp\/v2\/product_brand?post=13269"},{"taxonomy":"product_cat","embeddable":true,"href":"https:\/\/efamakina.com.tr\/az\/wp-json\/wp\/v2\/product_cat?post=13269"},{"taxonomy":"product_tag","embeddable":true,"href":"https:\/\/efamakina.com.tr\/az\/wp-json\/wp\/v2\/product_tag?post=13269"},{"taxonomy":"urun-tipi","embeddable":true,"href":"https:\/\/efamakina.com.tr\/az\/wp-json\/wp\/v2\/urun-tipi?post=13269"}],"curies":[{"name":"wp","href":"https:\/\/api.w.org\/{rel}","templated":true}]}}