{"id":13186,"date":"2024-12-10T14:42:51","date_gmt":"2024-12-10T14:42:51","guid":{"rendered":"https:\/\/efamakina.com.tr\/urun\/2393478-sensor-gp-pressure\/"},"modified":"2024-12-10T14:43:11","modified_gmt":"2024-12-10T14:43:11","slug":"2393478-sensor-gp-pressure","status":"publish","type":"product","link":"https:\/\/efamakina.com.tr\/az\/urun\/2393478-sensor-gp-pressure\/","title":{"rendered":"2393478 Sensor GP-Pressure"},"content":{"rendered":"<p>Caterpillar, Cat, 2393478, 239-3478, Sensor GP-Pressure Caterpillar, Cat, Sensors, Sens\u00f6rler, Datcikler, Sens\u00f6r, datcik, Sensor, Datchik, Position Sensor, M\u00f6vqe, Konum, M\u00fc\u015f\u00fcr\u00fc, M\u00fc\u015f\u00fcr, Mu\u015firi, Mu\u015fir, Sensoru, Datciki,<\/p>\n","protected":false},"excerpt":{"rendered":"<p>Caterpillar, Cat, 2393478, 239-3478, Sensor GP-Pressure<\/p>\n","protected":false},"featured_media":12953,"comment_status":"open","ping_status":"closed","template":"","meta":{"_acf_changed":false},"product_brand":[],"product_cat":[529],"product_tag":[],"urun-tipi":[393],"class_list":{"0":"post-13186","1":"product","2":"type-product","3":"status-publish","4":"has-post-thumbnail","6":"product_cat-sensors-switchs","7":"urun-tipi-caterpillar-cat","9":"first","10":"onbackorder","11":"sold-individually","12":"taxable","13":"shipping-taxable","14":"purchasable","15":"product-type-simple"},"acf":[],"_links":{"self":[{"href":"https:\/\/efamakina.com.tr\/az\/wp-json\/wp\/v2\/product\/13186","targetHints":{"allow":["GET"]}}],"collection":[{"href":"https:\/\/efamakina.com.tr\/az\/wp-json\/wp\/v2\/product"}],"about":[{"href":"https:\/\/efamakina.com.tr\/az\/wp-json\/wp\/v2\/types\/product"}],"replies":[{"embeddable":true,"href":"https:\/\/efamakina.com.tr\/az\/wp-json\/wp\/v2\/comments?post=13186"}],"wp:featuredmedia":[{"embeddable":true,"href":"https:\/\/efamakina.com.tr\/az\/wp-json\/wp\/v2\/media\/12953"}],"wp:attachment":[{"href":"https:\/\/efamakina.com.tr\/az\/wp-json\/wp\/v2\/media?parent=13186"}],"wp:term":[{"taxonomy":"product_brand","embeddable":true,"href":"https:\/\/efamakina.com.tr\/az\/wp-json\/wp\/v2\/product_brand?post=13186"},{"taxonomy":"product_cat","embeddable":true,"href":"https:\/\/efamakina.com.tr\/az\/wp-json\/wp\/v2\/product_cat?post=13186"},{"taxonomy":"product_tag","embeddable":true,"href":"https:\/\/efamakina.com.tr\/az\/wp-json\/wp\/v2\/product_tag?post=13186"},{"taxonomy":"urun-tipi","embeddable":true,"href":"https:\/\/efamakina.com.tr\/az\/wp-json\/wp\/v2\/urun-tipi?post=13186"}],"curies":[{"name":"wp","href":"https:\/\/api.w.org\/{rel}","templated":true}]}}