{"id":13069,"date":"2024-12-10T06:08:07","date_gmt":"2024-12-10T06:08:07","guid":{"rendered":"https:\/\/efamakina.com.tr\/urun\/3e7259-sensor-gp-temperature\/"},"modified":"2026-02-22T09:27:57","modified_gmt":"2026-02-22T09:27:57","slug":"3e7259-sensor-gp-temperature","status":"publish","type":"product","link":"https:\/\/efamakina.com.tr\/az\/urun\/3e7259-sensor-gp-temperature\/","title":{"rendered":"3E7259 Sensor GP-Temperature"},"content":{"rendered":"<p>Caterpillar, Cat, 3E7259, 3E-7259, Sender AS-Temperature Caterpillar, Cat, Sensors, Sens\u00f6rler, Datcikler, Sens\u00f6r, datcik, Sensor, Datchik, Temperature, S\u0131cakl\u0131k, Hararet, istilik, M\u00fc\u015f\u00fcr\u00fc, M\u00fc\u015f\u00fcr, Mu\u015firi, Mu\u015fir, Sensoru, datciki,<\/p>\n","protected":false},"excerpt":{"rendered":"<p>Caterpillar, Cat, Orijinal, 3E7259, 3E-7259, S\u0131cakl\u0131k Sens\u00f6r\u00fc,<\/p>\n<p> \u0130ade Edilemez Par\u00e7a<\/p>\n","protected":false},"featured_media":12835,"comment_status":"open","ping_status":"closed","template":"","meta":{"_acf_changed":false},"product_brand":[555],"product_cat":[529],"product_tag":[],"urun-tipi":[393],"class_list":{"0":"post-13069","1":"product","2":"type-product","3":"status-publish","4":"has-post-thumbnail","6":"product_brand-caterpillar","7":"product_cat-sensors-switchs","8":"urun-tipi-caterpillar-cat","10":"first","11":"onbackorder","12":"sold-individually","13":"taxable","14":"shipping-taxable","15":"purchasable","16":"product-type-simple"},"acf":[],"_links":{"self":[{"href":"https:\/\/efamakina.com.tr\/az\/wp-json\/wp\/v2\/product\/13069","targetHints":{"allow":["GET"]}}],"collection":[{"href":"https:\/\/efamakina.com.tr\/az\/wp-json\/wp\/v2\/product"}],"about":[{"href":"https:\/\/efamakina.com.tr\/az\/wp-json\/wp\/v2\/types\/product"}],"replies":[{"embeddable":true,"href":"https:\/\/efamakina.com.tr\/az\/wp-json\/wp\/v2\/comments?post=13069"}],"wp:featuredmedia":[{"embeddable":true,"href":"https:\/\/efamakina.com.tr\/az\/wp-json\/wp\/v2\/media\/12835"}],"wp:attachment":[{"href":"https:\/\/efamakina.com.tr\/az\/wp-json\/wp\/v2\/media?parent=13069"}],"wp:term":[{"taxonomy":"product_brand","embeddable":true,"href":"https:\/\/efamakina.com.tr\/az\/wp-json\/wp\/v2\/product_brand?post=13069"},{"taxonomy":"product_cat","embeddable":true,"href":"https:\/\/efamakina.com.tr\/az\/wp-json\/wp\/v2\/product_cat?post=13069"},{"taxonomy":"product_tag","embeddable":true,"href":"https:\/\/efamakina.com.tr\/az\/wp-json\/wp\/v2\/product_tag?post=13069"},{"taxonomy":"urun-tipi","embeddable":true,"href":"https:\/\/efamakina.com.tr\/az\/wp-json\/wp\/v2\/urun-tipi?post=13069"}],"curies":[{"name":"wp","href":"https:\/\/api.w.org\/{rel}","templated":true}]}}