{"id":12214,"date":"2024-12-05T08:31:04","date_gmt":"2024-12-05T08:31:04","guid":{"rendered":"https:\/\/efamakina.com.tr\/urun\/3645145-washer-kit\/"},"modified":"2024-12-05T08:32:28","modified_gmt":"2024-12-05T08:32:28","slug":"3645145-washer-kit","status":"publish","type":"product","link":"https:\/\/efamakina.com.tr\/az\/urun\/3645145-washer-kit\/","title":{"rendered":"3645145 Washer Kit"},"content":{"rendered":"<p>Caterpillar, Cat, 2767390, 3630559, Yedek, Par\u00e7a, Motor Par\u00e7alar\u0131, Motor, Kit Washer, Kenar Yatak Tak\u0131m\u0131, Kenar Yatak, Aypara, Gez Ay\u0131, Gezinti Pulu, Gezinti Yata\u011f\u0131, Ehtiyat hiss\u0259l\u0259ri, M\u00fch\u0259rrik hiss\u0259l\u0259ri, Ehtiyat, M\u00fch\u0259rrik, hiss\u0259, <\/p>\n","protected":false},"excerpt":{"rendered":"<p>Caterpillar, Cat, 3645145 Washer Kit<\/p>\n","protected":false},"featured_media":12210,"comment_status":"open","ping_status":"closed","template":"","meta":{"_acf_changed":false},"product_brand":[],"product_cat":[15],"product_tag":[],"urun-tipi":[393],"class_list":{"0":"post-12214","1":"product","2":"type-product","3":"status-publish","4":"has-post-thumbnail","6":"product_cat-engine-and-related-systems","7":"urun-tipi-caterpillar-cat","9":"first","10":"instock","11":"sale","12":"taxable","13":"shipping-taxable","14":"purchasable","15":"product-type-simple"},"acf":[],"_links":{"self":[{"href":"https:\/\/efamakina.com.tr\/az\/wp-json\/wp\/v2\/product\/12214","targetHints":{"allow":["GET"]}}],"collection":[{"href":"https:\/\/efamakina.com.tr\/az\/wp-json\/wp\/v2\/product"}],"about":[{"href":"https:\/\/efamakina.com.tr\/az\/wp-json\/wp\/v2\/types\/product"}],"replies":[{"embeddable":true,"href":"https:\/\/efamakina.com.tr\/az\/wp-json\/wp\/v2\/comments?post=12214"}],"wp:featuredmedia":[{"embeddable":true,"href":"https:\/\/efamakina.com.tr\/az\/wp-json\/wp\/v2\/media\/12210"}],"wp:attachment":[{"href":"https:\/\/efamakina.com.tr\/az\/wp-json\/wp\/v2\/media?parent=12214"}],"wp:term":[{"taxonomy":"product_brand","embeddable":true,"href":"https:\/\/efamakina.com.tr\/az\/wp-json\/wp\/v2\/product_brand?post=12214"},{"taxonomy":"product_cat","embeddable":true,"href":"https:\/\/efamakina.com.tr\/az\/wp-json\/wp\/v2\/product_cat?post=12214"},{"taxonomy":"product_tag","embeddable":true,"href":"https:\/\/efamakina.com.tr\/az\/wp-json\/wp\/v2\/product_tag?post=12214"},{"taxonomy":"urun-tipi","embeddable":true,"href":"https:\/\/efamakina.com.tr\/az\/wp-json\/wp\/v2\/urun-tipi?post=12214"}],"curies":[{"name":"wp","href":"https:\/\/api.w.org\/{rel}","templated":true}]}}