{"id":12206,"date":"2024-12-05T07:12:35","date_gmt":"2024-12-05T07:12:35","guid":{"rendered":"https:\/\/efamakina.com.tr\/urun\/acp0397070-standard-crankshaft-bearing-kit\/"},"modified":"2024-12-05T07:14:26","modified_gmt":"2024-12-05T07:14:26","slug":"acp0397070-standard-crankshaft-bearing-kit","status":"publish","type":"product","link":"https:\/\/efamakina.com.tr\/az\/urun\/acp0397070-standard-crankshaft-bearing-kit\/","title":{"rendered":"ACP0397070 Standard Crankshaft Main Bearing Kit"},"content":{"rendered":"<p>Massey Ferguson, 4226442M91, 4227196M91, ACP0397070, 6465, MF 6475 T3, MF 6480 T3, MF 5465 T3, MF 5475 T3, Yedek Par\u00e7alar\u0131, Yedek, Par\u00e7a, Motor Par\u00e7alar\u0131, Motor, Crankshaft, Krank Mili, Krank, \u015eaft, Ana Yatak, Ana Yataklar\u0131 Ehtiyat hiss\u0259l\u0259ri, M\u00fch\u0259rrik hiss\u0259l\u0259ri, Ehtiyat, M\u00fch\u0259rrik, hiss\u0259,Val, Kladis, d\u0259sti, Karnavoy Kladis, <\/p>\n","protected":false},"excerpt":{"rendered":"<p>Massey Ferguson, 4226442M91, 4227196M91, ACP0397070, Standard Crankshaft Bearing Kit<\/p>\n","protected":false},"featured_media":12204,"comment_status":"open","ping_status":"closed","template":"","meta":{"_acf_changed":false},"product_brand":[],"product_cat":[15,526],"product_tag":[],"urun-tipi":[393],"class_list":{"0":"post-12206","1":"product","2":"type-product","3":"status-publish","4":"has-post-thumbnail","6":"product_cat-engine-and-related-systems","7":"product_cat-crankshafts","8":"urun-tipi-caterpillar-cat","10":"first","11":"instock","12":"sale","13":"taxable","14":"shipping-taxable","15":"purchasable","16":"product-type-simple"},"acf":[],"_links":{"self":[{"href":"https:\/\/efamakina.com.tr\/az\/wp-json\/wp\/v2\/product\/12206","targetHints":{"allow":["GET"]}}],"collection":[{"href":"https:\/\/efamakina.com.tr\/az\/wp-json\/wp\/v2\/product"}],"about":[{"href":"https:\/\/efamakina.com.tr\/az\/wp-json\/wp\/v2\/types\/product"}],"replies":[{"embeddable":true,"href":"https:\/\/efamakina.com.tr\/az\/wp-json\/wp\/v2\/comments?post=12206"}],"wp:featuredmedia":[{"embeddable":true,"href":"https:\/\/efamakina.com.tr\/az\/wp-json\/wp\/v2\/media\/12204"}],"wp:attachment":[{"href":"https:\/\/efamakina.com.tr\/az\/wp-json\/wp\/v2\/media?parent=12206"}],"wp:term":[{"taxonomy":"product_brand","embeddable":true,"href":"https:\/\/efamakina.com.tr\/az\/wp-json\/wp\/v2\/product_brand?post=12206"},{"taxonomy":"product_cat","embeddable":true,"href":"https:\/\/efamakina.com.tr\/az\/wp-json\/wp\/v2\/product_cat?post=12206"},{"taxonomy":"product_tag","embeddable":true,"href":"https:\/\/efamakina.com.tr\/az\/wp-json\/wp\/v2\/product_tag?post=12206"},{"taxonomy":"urun-tipi","embeddable":true,"href":"https:\/\/efamakina.com.tr\/az\/wp-json\/wp\/v2\/urun-tipi?post=12206"}],"curies":[{"name":"wp","href":"https:\/\/api.w.org\/{rel}","templated":true}]}}