{"id":11815,"date":"2024-10-29T09:48:20","date_gmt":"2024-10-29T09:48:20","guid":{"rendered":"https:\/\/efamakina.com.tr\/urun\/caterpillar-1727765-devirdaim\/"},"modified":"2024-10-29T09:50:41","modified_gmt":"2024-10-29T09:50:41","slug":"caterpillar-1727765-devirdaim","status":"publish","type":"product","link":"https:\/\/efamakina.com.tr\/az\/urun\/caterpillar-1727765-devirdaim\/","title":{"rendered":"Caterpillar 1727765 Su Nasosu"},"content":{"rendered":"<p>Caterpillar, Cat,<br \/>\n115-7560, Su Pompas\u0131, Nasos,<br \/>\n155-0066, Su Pompas\u0131, Nasos,<br \/>\n116-7967, Su Pompas\u0131, Nasos,<br \/>\n172-7765, Su Pompas\u0131, Nasos,<br \/>\n1157560, Su Pompas\u0131, Nasos,<br \/>\n1550066, Su Pompas\u0131, Nasos,<br \/>\n1167967, Su Pompas\u0131, Nasos,<br \/>\n1727765, Su Pompas\u0131, Nasos,<\/p>\n","protected":false},"excerpt":{"rendered":"<p>Caterpillar, Cat, 115-7560, Su Pompas\u0131, Nasos, 155-0066, Su Pompas\u0131, Nasos, 116-7967, Su Pompas\u0131, Nasos, 172-7765, Su Pompas\u0131, Nasos, 1157560, Su Pompas\u0131, Nasos, 1550066, Su Pompas\u0131, Nasos, 1167967, Su Pompas\u0131, Nasos, 1727765, Su Pompas\u0131, Nasos,<\/p>\n","protected":false},"featured_media":11667,"comment_status":"open","ping_status":"closed","template":"","meta":{"_acf_changed":false},"product_brand":[],"product_cat":[523,524],"product_tag":[],"urun-tipi":[393],"class_list":{"0":"post-11815","1":"product","2":"type-product","3":"status-publish","4":"has-post-thumbnail","6":"product_cat-water-pumps","7":"product_cat-su-nasosu","8":"urun-tipi-caterpillar-cat","10":"first","11":"instock","12":"sale","13":"taxable","14":"shipping-taxable","15":"purchasable","16":"product-type-simple"},"acf":[],"_links":{"self":[{"href":"https:\/\/efamakina.com.tr\/az\/wp-json\/wp\/v2\/product\/11815","targetHints":{"allow":["GET"]}}],"collection":[{"href":"https:\/\/efamakina.com.tr\/az\/wp-json\/wp\/v2\/product"}],"about":[{"href":"https:\/\/efamakina.com.tr\/az\/wp-json\/wp\/v2\/types\/product"}],"replies":[{"embeddable":true,"href":"https:\/\/efamakina.com.tr\/az\/wp-json\/wp\/v2\/comments?post=11815"}],"wp:featuredmedia":[{"embeddable":true,"href":"https:\/\/efamakina.com.tr\/az\/wp-json\/wp\/v2\/media\/11667"}],"wp:attachment":[{"href":"https:\/\/efamakina.com.tr\/az\/wp-json\/wp\/v2\/media?parent=11815"}],"wp:term":[{"taxonomy":"product_brand","embeddable":true,"href":"https:\/\/efamakina.com.tr\/az\/wp-json\/wp\/v2\/product_brand?post=11815"},{"taxonomy":"product_cat","embeddable":true,"href":"https:\/\/efamakina.com.tr\/az\/wp-json\/wp\/v2\/product_cat?post=11815"},{"taxonomy":"product_tag","embeddable":true,"href":"https:\/\/efamakina.com.tr\/az\/wp-json\/wp\/v2\/product_tag?post=11815"},{"taxonomy":"urun-tipi","embeddable":true,"href":"https:\/\/efamakina.com.tr\/az\/wp-json\/wp\/v2\/urun-tipi?post=11815"}],"curies":[{"name":"wp","href":"https:\/\/api.w.org\/{rel}","templated":true}]}}