{"id":11778,"date":"2024-10-28T11:27:11","date_gmt":"2024-10-28T11:27:11","guid":{"rendered":"https:\/\/efamakina.com.tr\/urun\/caterpillar-1593140-pump-as-water\/"},"modified":"2024-10-29T06:28:15","modified_gmt":"2024-10-29T06:28:15","slug":"caterpillar-1593140-devirdaim","status":"publish","type":"product","link":"https:\/\/efamakina.com.tr\/az\/urun\/caterpillar-1593140-devirdaim\/","title":{"rendered":"Caterpillar 1593140 Su Nasosu"},"content":{"rendered":"<p>Komplekt\u0259 daxildir: Su nasosu, su nasosunun di\u015fli mexanizmi, su nasosunun qapa\u011f\u0131, su nasosunun \u015faft\u0131, su yuvas\u0131 nasosu, \u00e7arx nasosu, bilyal\u0131 pod\u015fipnik, saxlama halqas\u0131, contalar, m\u00f6h\u00fcrl\u0259r, boltlar, yuyucular, t\u0131xaclar,<\/p>\n","protected":false},"excerpt":{"rendered":"<p>Caterpillar, Cat, 132-3843, 1323843, Su Nasosu, Nasos,<br \/>\nCaterpillar, Cat, 132-5243, 1325243, Su Nasosu, Nasos<br \/>\nCaterpillar, Cat, 159-3140, 1593140, Su Nasosu, Nasos,<br \/>\nCaterpillar, Cat, 9Y-5249, 9Y5249, Su Nasosu, Nasos,<br \/>\nCaterpillar, Cat, 4P-3682, 4Y3682, Su Nasosu, Nasos,<br \/>\nCaterpillar, Cat, 159-3140, 1593140, Su Nasosu, Nasos,  <\/p>\n","protected":false},"featured_media":11653,"comment_status":"open","ping_status":"closed","template":"","meta":{"_acf_changed":false},"product_brand":[],"product_cat":[523],"product_tag":[],"urun-tipi":[393],"class_list":{"0":"post-11778","1":"product","2":"type-product","3":"status-publish","4":"has-post-thumbnail","6":"product_cat-water-pumps","7":"urun-tipi-caterpillar-cat","9":"first","10":"instock","11":"sale","12":"taxable","13":"shipping-taxable","14":"purchasable","15":"product-type-simple"},"acf":[],"_links":{"self":[{"href":"https:\/\/efamakina.com.tr\/az\/wp-json\/wp\/v2\/product\/11778","targetHints":{"allow":["GET"]}}],"collection":[{"href":"https:\/\/efamakina.com.tr\/az\/wp-json\/wp\/v2\/product"}],"about":[{"href":"https:\/\/efamakina.com.tr\/az\/wp-json\/wp\/v2\/types\/product"}],"replies":[{"embeddable":true,"href":"https:\/\/efamakina.com.tr\/az\/wp-json\/wp\/v2\/comments?post=11778"}],"wp:featuredmedia":[{"embeddable":true,"href":"https:\/\/efamakina.com.tr\/az\/wp-json\/wp\/v2\/media\/11653"}],"wp:attachment":[{"href":"https:\/\/efamakina.com.tr\/az\/wp-json\/wp\/v2\/media?parent=11778"}],"wp:term":[{"taxonomy":"product_brand","embeddable":true,"href":"https:\/\/efamakina.com.tr\/az\/wp-json\/wp\/v2\/product_brand?post=11778"},{"taxonomy":"product_cat","embeddable":true,"href":"https:\/\/efamakina.com.tr\/az\/wp-json\/wp\/v2\/product_cat?post=11778"},{"taxonomy":"product_tag","embeddable":true,"href":"https:\/\/efamakina.com.tr\/az\/wp-json\/wp\/v2\/product_tag?post=11778"},{"taxonomy":"urun-tipi","embeddable":true,"href":"https:\/\/efamakina.com.tr\/az\/wp-json\/wp\/v2\/urun-tipi?post=11778"}],"curies":[{"name":"wp","href":"https:\/\/api.w.org\/{rel}","templated":true}]}}