{"id":11760,"date":"2024-10-28T09:19:00","date_gmt":"2024-10-28T09:19:00","guid":{"rendered":"https:\/\/efamakina.com.tr\/urun\/caterpillar-1175033-pump-as-water\/"},"modified":"2024-10-28T09:19:46","modified_gmt":"2024-10-28T09:19:46","slug":"caterpillar-1175033-pump-as-water","status":"publish","type":"product","link":"https:\/\/efamakina.com.tr\/az\/urun\/caterpillar-1175033-pump-as-water\/","title":{"rendered":"Caterpillar 1175033  Pump AS-Water"},"content":{"rendered":"<p>We are still working on adding a specification for this part.<br \/>\nBu par\u00e7a i\u00e7in bir spesifikasyon eklemek \u00fczere hala \u00e7al\u0131\u015f\u0131yoruz.<br \/>\nBiz h\u0259l\u0259 d\u0259 bu hiss\u0259 \u00fc\u00e7\u00fcn spesifikasiya \u0259lav\u0259 etm\u0259k \u00fcz\u0259rind\u0259 i\u015fl\u0259yirik.<br \/>\n\u041c\u044b \u0432\u0441\u0435 \u0435\u0449\u0435 \u0440\u0430\u0431\u043e\u0442\u0430\u0435\u043c \u043d\u0430\u0434 \u0434\u043e\u0431\u0430\u0432\u043b\u0435\u043d\u0438\u0435\u043c \u0441\u043f\u0435\u0446\u0438\u0444\u0438\u043a\u0430\u0446\u0438\u0438 \u0434\u043b\u044f \u044d\u0442\u043e\u0439 \u0447\u0430\u0441\u0442\u0438.<\/p>\n","protected":false},"excerpt":{"rendered":"<p>Caterpillar, Cat, 1175033, 117-5033, Pump AS-Water, Water Pump, Devirdaim, Su Pompas\u0131, Su Nasosu, Vodyanoy Nasos, \u0432\u043e\u0434\u044f\u043d\u043e\u0439 \u043d\u0430\u0441\u043e\u0441, \u043d\u0430\u0441\u043e\u0441\u043d\u0430\u044f \u0433\u0440\u0443\u043f\u043f\u0430 \u0432\u043e\u0434\u044b,<\/p>\n","protected":false},"featured_media":11641,"comment_status":"open","ping_status":"closed","template":"","meta":{"_acf_changed":false},"product_brand":[],"product_cat":[523,524],"product_tag":[],"urun-tipi":[393],"class_list":{"0":"post-11760","1":"product","2":"type-product","3":"status-publish","4":"has-post-thumbnail","6":"product_cat-water-pumps","7":"product_cat-su-nasosu","8":"urun-tipi-caterpillar-cat","10":"first","11":"instock","12":"sale","13":"taxable","14":"shipping-taxable","15":"purchasable","16":"product-type-simple"},"acf":[],"_links":{"self":[{"href":"https:\/\/efamakina.com.tr\/az\/wp-json\/wp\/v2\/product\/11760","targetHints":{"allow":["GET"]}}],"collection":[{"href":"https:\/\/efamakina.com.tr\/az\/wp-json\/wp\/v2\/product"}],"about":[{"href":"https:\/\/efamakina.com.tr\/az\/wp-json\/wp\/v2\/types\/product"}],"replies":[{"embeddable":true,"href":"https:\/\/efamakina.com.tr\/az\/wp-json\/wp\/v2\/comments?post=11760"}],"wp:featuredmedia":[{"embeddable":true,"href":"https:\/\/efamakina.com.tr\/az\/wp-json\/wp\/v2\/media\/11641"}],"wp:attachment":[{"href":"https:\/\/efamakina.com.tr\/az\/wp-json\/wp\/v2\/media?parent=11760"}],"wp:term":[{"taxonomy":"product_brand","embeddable":true,"href":"https:\/\/efamakina.com.tr\/az\/wp-json\/wp\/v2\/product_brand?post=11760"},{"taxonomy":"product_cat","embeddable":true,"href":"https:\/\/efamakina.com.tr\/az\/wp-json\/wp\/v2\/product_cat?post=11760"},{"taxonomy":"product_tag","embeddable":true,"href":"https:\/\/efamakina.com.tr\/az\/wp-json\/wp\/v2\/product_tag?post=11760"},{"taxonomy":"urun-tipi","embeddable":true,"href":"https:\/\/efamakina.com.tr\/az\/wp-json\/wp\/v2\/urun-tipi?post=11760"}],"curies":[{"name":"wp","href":"https:\/\/api.w.org\/{rel}","templated":true}]}}