{"id":11753,"date":"2024-10-28T08:52:06","date_gmt":"2024-10-28T08:52:06","guid":{"rendered":"https:\/\/efamakina.com.tr\/urun\/caterpillar-1025844-pump-gp-water\/"},"modified":"2024-10-28T08:53:57","modified_gmt":"2024-10-28T08:53:57","slug":"caterpillar-1025844-pump-gp-water","status":"publish","type":"product","link":"https:\/\/efamakina.com.tr\/az\/urun\/caterpillar-1025844-pump-gp-water\/","title":{"rendered":"Caterpillar 1025844 Pump GP-Water"},"content":{"rendered":"<p>Kit Contains: Water pump, water pump gear, water pump cover, water pump shaft, water housing pump, impeller pump, ball bearing, retaining ring, gaskets, seals, bolts, washers, plugs,<br \/>\nKit \u0130\u00e7eri\u011fi: Su pompas\u0131, su pompas\u0131 di\u015flisi, su pompas\u0131 kapa\u011f\u0131, su pompas\u0131 \u015faft\u0131, su muhafazal\u0131 pompa, pervane pompas\u0131, bilyal\u0131 rulman, tutma halkas\u0131, contalar, ke\u00e7eler, c\u0131vatalar, rondelalar, tapalar,<br \/>\nKomplekt\u0259 daxildir: Su nasosu, su nasosunun di\u015fli mexanizmi, su nasosunun qapa\u011f\u0131, su nasosunun \u015faft\u0131, su yuvas\u0131 nasosu, pervane nasosu, bilyal\u0131 pod\u015fipnik, saxlama halqas\u0131, contalar, m\u00f6h\u00fcrl\u0259r, boltlar, yuyucular, t\u0131xaclar,<br \/>\n\u0412 \u043a\u043e\u043c\u043f\u043b\u0435\u043a\u0442 \u0432\u0445\u043e\u0434\u0438\u0442: \u0432\u043e\u0434\u044f\u043d\u043e\u0439 \u043d\u0430\u0441\u043e\u0441, \u0448\u0435\u0441\u0442\u0435\u0440\u043d\u044f \u0432\u043e\u0434\u044f\u043d\u043e\u0433\u043e \u043d\u0430\u0441\u043e\u0441\u0430, \u043a\u0440\u044b\u0448\u043a\u0430 \u0432\u043e\u0434\u044f\u043d\u043e\u0433\u043e \u043d\u0430\u0441\u043e\u0441\u0430, \u0432\u0430\u043b \u0432\u043e\u0434\u044f\u043d\u043e\u0433\u043e \u043d\u0430\u0441\u043e\u0441\u0430, \u043a\u043e\u0440\u043f\u0443\u0441 \u0432\u043e\u0434\u044f\u043d\u043e\u0433\u043e \u043d\u0430\u0441\u043e\u0441\u0430, \u043a\u0440\u044b\u043b\u044c\u0447\u0430\u0442\u043a\u0430 \u043d\u0430\u0441\u043e\u0441\u0430, \u0448\u0430\u0440\u0438\u043a\u043e\u043f\u043e\u0434\u0448\u0438\u043f\u043d\u0438\u043a, \u0441\u0442\u043e\u043f\u043e\u0440\u043d\u043e\u0435 \u043a\u043e\u043b\u044c\u0446\u043e, \u043f\u0440\u043e\u043a\u043b\u0430\u0434\u043a\u0438, \u0443\u043f\u043b\u043e\u0442\u043d\u0435\u043d\u0438\u044f, \u0431\u043e\u043b\u0442\u044b, \u0448\u0430\u0439\u0431\u044b, \u0437\u0430\u0433\u043b\u0443\u0448\u043a\u0438.<\/p>\n","protected":false},"excerpt":{"rendered":"<p>Caterpillar, Cat, 1025844, 102-5844, 9Y-4361, 9Y4361, 7E-8554, 7E8554, Pump GP-Water, Water Pump, Devirdaim, Su Pompas\u0131, Su Nasosu, Vodyanoy Nasos, \u0432\u043e\u0434\u044f\u043d\u043e\u0439 \u043d\u0430\u0441\u043e\u0441, \u043d\u0430\u0441\u043e\u0441\u043d\u0430\u044f \u0433\u0440\u0443\u043f\u043f\u0430 \u0432\u043e\u0434\u044b,<\/p>\n","protected":false},"featured_media":11751,"comment_status":"open","ping_status":"closed","template":"","meta":{"_acf_changed":false},"product_brand":[],"product_cat":[523,524],"product_tag":[],"urun-tipi":[393],"class_list":{"0":"post-11753","1":"product","2":"type-product","3":"status-publish","4":"has-post-thumbnail","6":"product_cat-water-pumps","7":"product_cat-su-nasosu","8":"urun-tipi-caterpillar-cat","10":"first","11":"instock","12":"sale","13":"taxable","14":"shipping-taxable","15":"purchasable","16":"product-type-simple"},"acf":[],"_links":{"self":[{"href":"https:\/\/efamakina.com.tr\/az\/wp-json\/wp\/v2\/product\/11753","targetHints":{"allow":["GET"]}}],"collection":[{"href":"https:\/\/efamakina.com.tr\/az\/wp-json\/wp\/v2\/product"}],"about":[{"href":"https:\/\/efamakina.com.tr\/az\/wp-json\/wp\/v2\/types\/product"}],"replies":[{"embeddable":true,"href":"https:\/\/efamakina.com.tr\/az\/wp-json\/wp\/v2\/comments?post=11753"}],"wp:featuredmedia":[{"embeddable":true,"href":"https:\/\/efamakina.com.tr\/az\/wp-json\/wp\/v2\/media\/11751"}],"wp:attachment":[{"href":"https:\/\/efamakina.com.tr\/az\/wp-json\/wp\/v2\/media?parent=11753"}],"wp:term":[{"taxonomy":"product_brand","embeddable":true,"href":"https:\/\/efamakina.com.tr\/az\/wp-json\/wp\/v2\/product_brand?post=11753"},{"taxonomy":"product_cat","embeddable":true,"href":"https:\/\/efamakina.com.tr\/az\/wp-json\/wp\/v2\/product_cat?post=11753"},{"taxonomy":"product_tag","embeddable":true,"href":"https:\/\/efamakina.com.tr\/az\/wp-json\/wp\/v2\/product_tag?post=11753"},{"taxonomy":"urun-tipi","embeddable":true,"href":"https:\/\/efamakina.com.tr\/az\/wp-json\/wp\/v2\/urun-tipi?post=11753"}],"curies":[{"name":"wp","href":"https:\/\/api.w.org\/{rel}","templated":true}]}}