{"id":10679,"date":"2024-08-03T07:14:11","date_gmt":"2024-08-03T07:14:11","guid":{"rendered":"https:\/\/efamakina.com.tr\/urun\/536-6980-cap-as-engine-oil-filler\/"},"modified":"2024-08-03T07:26:45","modified_gmt":"2024-08-03T07:26:45","slug":"536-6980-cap-as-engine-oil-filler","status":"publish","type":"product","link":"https:\/\/efamakina.com.tr\/az\/urun\/536-6980-cap-as-engine-oil-filler\/","title":{"rendered":"536-6980 Cap AS-Engine Oil Filler"},"content":{"rendered":"<p>oem<\/p>\n","protected":false},"excerpt":{"rendered":"<p>Caterpillar; Cat;<br \/>\n227-4531 Kapak,<br \/>\n372-1550 Kapak,<br \/>\n536-6980 Kapak,<br \/>\n2274531 Kapak,<br \/>\n3721550 Kapak,<br \/>\n5366980 Kapak,<br \/>\nM\u00fch\u0259rrik Ya\u011f\u0131 Doldurucusu Qapa\u011f\u0131<\/p>\n","protected":false},"featured_media":10676,"comment_status":"open","ping_status":"closed","template":"","meta":{"_acf_changed":false},"product_brand":[],"product_cat":[15,521],"product_tag":[],"urun-tipi":[393],"class_list":{"0":"post-10679","1":"product","2":"type-product","3":"status-publish","4":"has-post-thumbnail","6":"product_cat-engine-and-related-systems","7":"product_cat-valf-kapagi-ve-mekanizmasi-az","8":"urun-tipi-caterpillar-cat","10":"first","11":"instock","12":"taxable","13":"shipping-taxable","14":"purchasable","15":"product-type-simple"},"acf":[],"_links":{"self":[{"href":"https:\/\/efamakina.com.tr\/az\/wp-json\/wp\/v2\/product\/10679","targetHints":{"allow":["GET"]}}],"collection":[{"href":"https:\/\/efamakina.com.tr\/az\/wp-json\/wp\/v2\/product"}],"about":[{"href":"https:\/\/efamakina.com.tr\/az\/wp-json\/wp\/v2\/types\/product"}],"replies":[{"embeddable":true,"href":"https:\/\/efamakina.com.tr\/az\/wp-json\/wp\/v2\/comments?post=10679"}],"wp:featuredmedia":[{"embeddable":true,"href":"https:\/\/efamakina.com.tr\/az\/wp-json\/wp\/v2\/media\/10676"}],"wp:attachment":[{"href":"https:\/\/efamakina.com.tr\/az\/wp-json\/wp\/v2\/media?parent=10679"}],"wp:term":[{"taxonomy":"product_brand","embeddable":true,"href":"https:\/\/efamakina.com.tr\/az\/wp-json\/wp\/v2\/product_brand?post=10679"},{"taxonomy":"product_cat","embeddable":true,"href":"https:\/\/efamakina.com.tr\/az\/wp-json\/wp\/v2\/product_cat?post=10679"},{"taxonomy":"product_tag","embeddable":true,"href":"https:\/\/efamakina.com.tr\/az\/wp-json\/wp\/v2\/product_tag?post=10679"},{"taxonomy":"urun-tipi","embeddable":true,"href":"https:\/\/efamakina.com.tr\/az\/wp-json\/wp\/v2\/urun-tipi?post=10679"}],"curies":[{"name":"wp","href":"https:\/\/api.w.org\/{rel}","templated":true}]}}