{"id":10659,"date":"2024-08-03T06:06:10","date_gmt":"2024-08-03T06:06:10","guid":{"rendered":"https:\/\/efamakina.com.tr\/urun\/310-9247-base-gp-valve-cover-base\/"},"modified":"2024-08-03T06:20:21","modified_gmt":"2024-08-03T06:20:21","slug":"310-9247-base-gp-valve-cover-base","status":"publish","type":"product","link":"https:\/\/efamakina.com.tr\/az\/urun\/310-9247-base-gp-valve-cover-base\/","title":{"rendered":"310-9247 Base GP-Valve Cover (Base)"},"content":{"rendered":"<p>oem<\/p>\n","protected":false},"excerpt":{"rendered":"<p>Caterpillar; Cat;<br \/>\n271-2417 Qapaq,<br \/>\n2712417 Qapaq,<br \/>\n310-9247 Qapaq,<br \/>\n324-7908 Qapaq,<br \/>\n324-7908 Qapaq,<br \/>\n3109247 Qapaq,<br \/>\nklapan mexanizmi qapa\u011f\u0131, Alt, A\u015fa\u011f\u0131,<\/p>\n","protected":false},"featured_media":10657,"comment_status":"open","ping_status":"closed","template":"","meta":{"_acf_changed":false},"product_brand":[],"product_cat":[521,15],"product_tag":[],"urun-tipi":[393],"class_list":{"0":"post-10659","1":"product","2":"type-product","3":"status-publish","4":"has-post-thumbnail","6":"product_cat-valf-kapagi-ve-mekanizmasi-az","7":"product_cat-engine-and-related-systems","8":"urun-tipi-caterpillar-cat","10":"first","11":"instock","12":"taxable","13":"shipping-taxable","14":"purchasable","15":"product-type-simple"},"acf":[],"_links":{"self":[{"href":"https:\/\/efamakina.com.tr\/az\/wp-json\/wp\/v2\/product\/10659","targetHints":{"allow":["GET"]}}],"collection":[{"href":"https:\/\/efamakina.com.tr\/az\/wp-json\/wp\/v2\/product"}],"about":[{"href":"https:\/\/efamakina.com.tr\/az\/wp-json\/wp\/v2\/types\/product"}],"replies":[{"embeddable":true,"href":"https:\/\/efamakina.com.tr\/az\/wp-json\/wp\/v2\/comments?post=10659"}],"wp:featuredmedia":[{"embeddable":true,"href":"https:\/\/efamakina.com.tr\/az\/wp-json\/wp\/v2\/media\/10657"}],"wp:attachment":[{"href":"https:\/\/efamakina.com.tr\/az\/wp-json\/wp\/v2\/media?parent=10659"}],"wp:term":[{"taxonomy":"product_brand","embeddable":true,"href":"https:\/\/efamakina.com.tr\/az\/wp-json\/wp\/v2\/product_brand?post=10659"},{"taxonomy":"product_cat","embeddable":true,"href":"https:\/\/efamakina.com.tr\/az\/wp-json\/wp\/v2\/product_cat?post=10659"},{"taxonomy":"product_tag","embeddable":true,"href":"https:\/\/efamakina.com.tr\/az\/wp-json\/wp\/v2\/product_tag?post=10659"},{"taxonomy":"urun-tipi","embeddable":true,"href":"https:\/\/efamakina.com.tr\/az\/wp-json\/wp\/v2\/urun-tipi?post=10659"}],"curies":[{"name":"wp","href":"https:\/\/api.w.org\/{rel}","templated":true}]}}