{"id":10653,"date":"2024-08-02T13:29:56","date_gmt":"2024-08-02T13:29:56","guid":{"rendered":"https:\/\/efamakina.com.tr\/urun\/288-9179-cover-gp-valve-mechanism\/"},"modified":"2024-08-02T14:24:44","modified_gmt":"2024-08-02T14:24:44","slug":"288-9179-cover-gp-valve-mechanism","status":"publish","type":"product","link":"https:\/\/efamakina.com.tr\/az\/urun\/288-9179-cover-gp-valve-mechanism\/","title":{"rendered":"288-9179 Cover GP-Valve Mechanism"},"content":{"rendered":"<p>oem<\/p>\n","protected":false},"excerpt":{"rendered":"<p>Caterpillar; Cat,<br \/>\n242-2450 \u00fcst qapaq,<br \/>\n288-9179 \u00fcst qapaq,<br \/>\n2422450 \u00fcst qapaq,<br \/>\n2889179 \u00fcst qapaq,<br \/>\nM\u00fch\u0259rrik \u00dcst qapa\u011f\u0131,<br \/>\nklapan mexanizmi qapa\u011f\u0131<\/p>\n","protected":false},"featured_media":10651,"comment_status":"open","ping_status":"closed","template":"","meta":{"_acf_changed":false},"product_brand":[],"product_cat":[15,521],"product_tag":[],"urun-tipi":[393],"class_list":{"0":"post-10653","1":"product","2":"type-product","3":"status-publish","4":"has-post-thumbnail","6":"product_cat-engine-and-related-systems","7":"product_cat-valf-kapagi-ve-mekanizmasi-az","8":"urun-tipi-caterpillar-cat","10":"first","11":"instock","12":"taxable","13":"shipping-taxable","14":"purchasable","15":"product-type-simple"},"acf":[],"_links":{"self":[{"href":"https:\/\/efamakina.com.tr\/az\/wp-json\/wp\/v2\/product\/10653","targetHints":{"allow":["GET"]}}],"collection":[{"href":"https:\/\/efamakina.com.tr\/az\/wp-json\/wp\/v2\/product"}],"about":[{"href":"https:\/\/efamakina.com.tr\/az\/wp-json\/wp\/v2\/types\/product"}],"replies":[{"embeddable":true,"href":"https:\/\/efamakina.com.tr\/az\/wp-json\/wp\/v2\/comments?post=10653"}],"wp:featuredmedia":[{"embeddable":true,"href":"https:\/\/efamakina.com.tr\/az\/wp-json\/wp\/v2\/media\/10651"}],"wp:attachment":[{"href":"https:\/\/efamakina.com.tr\/az\/wp-json\/wp\/v2\/media?parent=10653"}],"wp:term":[{"taxonomy":"product_brand","embeddable":true,"href":"https:\/\/efamakina.com.tr\/az\/wp-json\/wp\/v2\/product_brand?post=10653"},{"taxonomy":"product_cat","embeddable":true,"href":"https:\/\/efamakina.com.tr\/az\/wp-json\/wp\/v2\/product_cat?post=10653"},{"taxonomy":"product_tag","embeddable":true,"href":"https:\/\/efamakina.com.tr\/az\/wp-json\/wp\/v2\/product_tag?post=10653"},{"taxonomy":"urun-tipi","embeddable":true,"href":"https:\/\/efamakina.com.tr\/az\/wp-json\/wp\/v2\/urun-tipi?post=10653"}],"curies":[{"name":"wp","href":"https:\/\/api.w.org\/{rel}","templated":true}]}}