{"id":10373,"date":"2024-07-27T10:27:18","date_gmt":"2024-07-27T10:27:18","guid":{"rendered":"https:\/\/efamakina.com.tr\/urun\/hidrolik-sanziman-filtresi-8\/"},"modified":"2026-03-02T11:11:09","modified_gmt":"2026-03-02T11:11:09","slug":"3283655-hidrolik-filtresi","status":"publish","type":"product","link":"https:\/\/efamakina.com.tr\/az\/urun\/3283655-hidrolik-filtresi\/","title":{"rendered":"3283655 Hidravlik Filtri"},"content":{"rendered":"<p>Caterpillar, Cat, 3283655, 328-3655, Hidrolik, \u015eanz\u0131man, \u015eanzuman, Hidravlik, Karopka, Filtresi, Filtre, filtiri, filtr, Filtri, <\/p>\n","protected":false},"excerpt":{"rendered":"<p>Caterpillar, Cat, 3283655, 328-3655, Hidravlik &#038; Karopka Filtri<\/p>\n<p> Brand: Cat<\/p>\n","protected":false},"featured_media":18761,"comment_status":"open","ping_status":"closed","template":"","meta":{"_acf_changed":false},"product_brand":[555],"product_cat":[444,463],"product_tag":[],"urun-tipi":[393],"class_list":{"0":"post-10373","1":"product","2":"type-product","3":"status-publish","4":"has-post-thumbnail","6":"product_brand-caterpillar","7":"product_cat-hydraulic-transmission-filters","8":"product_cat-filters","9":"urun-tipi-caterpillar-cat","11":"first","12":"onbackorder","13":"taxable","14":"shipping-taxable","15":"purchasable","16":"product-type-simple"},"acf":[],"_links":{"self":[{"href":"https:\/\/efamakina.com.tr\/az\/wp-json\/wp\/v2\/product\/10373","targetHints":{"allow":["GET"]}}],"collection":[{"href":"https:\/\/efamakina.com.tr\/az\/wp-json\/wp\/v2\/product"}],"about":[{"href":"https:\/\/efamakina.com.tr\/az\/wp-json\/wp\/v2\/types\/product"}],"replies":[{"embeddable":true,"href":"https:\/\/efamakina.com.tr\/az\/wp-json\/wp\/v2\/comments?post=10373"}],"wp:featuredmedia":[{"embeddable":true,"href":"https:\/\/efamakina.com.tr\/az\/wp-json\/wp\/v2\/media\/18761"}],"wp:attachment":[{"href":"https:\/\/efamakina.com.tr\/az\/wp-json\/wp\/v2\/media?parent=10373"}],"wp:term":[{"taxonomy":"product_brand","embeddable":true,"href":"https:\/\/efamakina.com.tr\/az\/wp-json\/wp\/v2\/product_brand?post=10373"},{"taxonomy":"product_cat","embeddable":true,"href":"https:\/\/efamakina.com.tr\/az\/wp-json\/wp\/v2\/product_cat?post=10373"},{"taxonomy":"product_tag","embeddable":true,"href":"https:\/\/efamakina.com.tr\/az\/wp-json\/wp\/v2\/product_tag?post=10373"},{"taxonomy":"urun-tipi","embeddable":true,"href":"https:\/\/efamakina.com.tr\/az\/wp-json\/wp\/v2\/urun-tipi?post=10373"}],"curies":[{"name":"wp","href":"https:\/\/api.w.org\/{rel}","templated":true}]}}